{"id":119,"date":"2016-09-01T16:18:22","date_gmt":"2016-09-01T16:18:22","guid":{"rendered":"http:\/\/bouwcentrumrotterdam.nl\/?page_id=119"},"modified":"2022-09-24T10:24:02","modified_gmt":"2022-09-24T10:24:02","slug":"archief","status":"publish","type":"page","link":"https:\/\/bouwcentrumrotterdam.nl\/?page_id=119","title":{"rendered":"Archief"},"content":{"rendered":"<p><a href=\"https:\/\/bouwcentrumrotterdam.nl\/?page_id=3212\"><button style=\"width: 15%; padding: 1em;\">Exposities<\/button><\/a><a href=\"https:\/\/bouwcentrumrotterdam.nl\/?page_id=1333\"><button style=\"width: 15%; padding: 1em;\">Literatuur<\/button><\/a><a href=\"https:\/\/bouwcentrumrotterdam.nl\/?page_id=1305\"><button style=\"width: 15%; padding: 1em;\">Verhalen<\/button><\/a><a href=\"https:\/\/bouwcentrumrotterdam.nl\/?page_id=1391\"><button style=\"width: 15%; padding: 1em;\">Foto \/ Film<\/button><\/a><a href=\"https:\/\/bouwcentrumrotterdam.nl\/?page_id=1403\"><button style=\"width: 15%; padding: 1em;\">Parafernalia<\/button><\/a><a href=\"https:\/\/bouwcentrumrotterdam.nl\/?page_id=1826\"><button style=\"width: 15%; padding: 1em;\">Personen<\/button><\/a><\/p>\n<p>Kies \u00e9\u00e9n van de zes categori\u00ebn<\/p>\n","protected":false},"excerpt":{"rendered":"<p>ExpositiesLiteratuurVerhalenFoto \/ FilmParafernaliaPersonen Kies \u00e9\u00e9n van de zes categori\u00ebn<\/p>\n","protected":false},"author":2,"featured_media":0,"parent":0,"menu_order":0,"comment_status":"closed","ping_status":"closed","template":"","meta":{"footnotes":""},"class_list":["post-119","page","type-page","status-publish","hentry"],"_links":{"self":[{"href":"https:\/\/bouwcentrumrotterdam.nl\/index.php?rest_route=\/wp\/v2\/pages\/119","targetHints":{"allow":["GET"]}}],"collection":[{"href":"https:\/\/bouwcentrumrotterdam.nl\/index.php?rest_route=\/wp\/v2\/pages"}],"about":[{"href":"https:\/\/bouwcentrumrotterdam.nl\/index.php?rest_route=\/wp\/v2\/types\/page"}],"author":[{"embeddable":true,"href":"https:\/\/bouwcentrumrotterdam.nl\/index.php?rest_route=\/wp\/v2\/users\/2"}],"replies":[{"embeddable":true,"href":"https:\/\/bouwcentrumrotterdam.nl\/index.php?rest_route=%2Fwp%2Fv2%2Fcomments&post=119"}],"version-history":[{"count":39,"href":"https:\/\/bouwcentrumrotterdam.nl\/index.php?rest_route=\/wp\/v2\/pages\/119\/revisions"}],"predecessor-version":[{"id":3512,"href":"https:\/\/bouwcentrumrotterdam.nl\/index.php?rest_route=\/wp\/v2\/pages\/119\/revisions\/3512"}],"wp:attachment":[{"href":"https:\/\/bouwcentrumrotterdam.nl\/index.php?rest_route=%2Fwp%2Fv2%2Fmedia&parent=119"}],"curies":[{"name":"wp","href":"https:\/\/api.w.org\/{rel}","templated":true}]}}