{"id":81,"date":"2016-09-01T14:35:32","date_gmt":"2016-09-01T14:35:32","guid":{"rendered":"http:\/\/bouwcentrumrotterdam.nl\/?page_id=81"},"modified":"2025-01-20T13:25:57","modified_gmt":"2025-01-20T13:25:57","slug":"contact","status":"publish","type":"page","link":"https:\/\/bouwcentrumrotterdam.nl\/?page_id=81","title":{"rendered":"Contact"},"content":{"rendered":"<p>Deze website kwam tot stand door bijdragen en onder redactie van oud-medewerkers van het Bouwcentrum:<\/p>\n<ul>\n<li>Geert Bos ( \u2020 2024 )<\/li>\n<li>Saskia Jespers<\/li>\n<li>Hetty van der Hargh<\/li>\n<li>Corneel Korsman<\/li>\n<li>Joop van Es\u00a0 ( \u2020 2020 )<\/li>\n<\/ul>\n<p><img loading=\"lazy\" decoding=\"async\" class=\"aligncenter size-full wp-image-2743\" src=\"https:\/\/bouwcentrumrotterdam.nl\/wp-content\/uploads\/2019\/03\/geert-tekening-nai.jpg\" alt=\"\" width=\"2000\" height=\"1290\" srcset=\"https:\/\/bouwcentrumrotterdam.nl\/wp-content\/uploads\/2019\/03\/geert-tekening-nai.jpg 2000w, https:\/\/bouwcentrumrotterdam.nl\/wp-content\/uploads\/2019\/03\/geert-tekening-nai-300x194.jpg 300w, https:\/\/bouwcentrumrotterdam.nl\/wp-content\/uploads\/2019\/03\/geert-tekening-nai-768x495.jpg 768w, https:\/\/bouwcentrumrotterdam.nl\/wp-content\/uploads\/2019\/03\/geert-tekening-nai-1024x660.jpg 1024w\" sizes=\"auto, (max-width: 767px) 89vw, (max-width: 1000px) 54vw, (max-width: 1071px) 543px, 580px\" \/><span style=\"text-align: center; color: #333333; font-size: 9pt;\">Geert Bos, opgetogen met enorme ontwerpschets van Boks, NAi 29-06-2018<\/span><\/p>\n<p>De website wordt verzorgd door Jan Enzlin<\/p>\n<p>OM MISVERSTANDEN TE VOORKOMEN:<\/p>\n<p><span style=\"color: #ff0000;\"><strong>Bouwcentrum<\/strong> <\/span><strong><span style=\"color: #ff0000;\">bestaat niet meer. U krijgt geen antwoord op uw bouwvragen<\/span><\/strong>.<\/p>\n<p>Reacties\/vragen\/bijdragen voor deze historische website kunnen aangereikt worden via email: <a href=\"mailto:info@bouwcentrumrotterdam.nl?subject=Over%20de%20Bouwcentrum%20website%20\">info@bouwcentrumrotterdam.nl<\/a><\/p>\n<p>of via het <a href=\"https:\/\/bouwcentrumrotterdam.nl\/?p=102\">reactieformulier<\/a>.<\/p>\n<p style=\"text-align: left;\"><a href=\"https:\/\/www.facebook.com\/groups\/Bouwcentrum\/\" target=\"_blank\" rel=\"noopener noreferrer\"><img loading=\"lazy\" decoding=\"async\" class=\"aligncenter  wp-image-2948\" src=\"https:\/\/bouwcentrumrotterdam.nl\/wp-content\/uploads\/2019\/05\/Facebookbanner.jpg\" alt=\"\" width=\"170\" height=\"48\" srcset=\"https:\/\/bouwcentrumrotterdam.nl\/wp-content\/uploads\/2019\/05\/Facebookbanner.jpg 1284w, https:\/\/bouwcentrumrotterdam.nl\/wp-content\/uploads\/2019\/05\/Facebookbanner-300x85.jpg 300w, https:\/\/bouwcentrumrotterdam.nl\/wp-content\/uploads\/2019\/05\/Facebookbanner-768x217.jpg 768w, https:\/\/bouwcentrumrotterdam.nl\/wp-content\/uploads\/2019\/05\/Facebookbanner-1024x289.jpg 1024w\" sizes=\"auto, (max-width: 170px) 100vw, 170px\" \/><\/a><\/p>\n<h2>REACTIES\u00a0<\/h2>\n\n<ol class=\"has-avatars has-dates has-excerpts wp-block-latest-comments\"><li class=\"wp-block-latest-comments__comment\"><img alt='' src='https:\/\/secure.gravatar.com\/avatar\/b4f1d246f608ad17ded302adb6383655267b712fce92752031d8c77d9f9878db?s=48&#038;d=mm&#038;r=g' srcset='https:\/\/secure.gravatar.com\/avatar\/b4f1d246f608ad17ded302adb6383655267b712fce92752031d8c77d9f9878db?s=96&#038;d=mm&#038;r=g 2x' class='avatar avatar-48 photo wp-block-latest-comments__comment-avatar' height='48' width='48' \/><article><footer class=\"wp-block-latest-comments__comment-meta\"><span class=\"wp-block-latest-comments__comment-author\">Joseph Galea (Malta)<\/span> op <a class=\"wp-block-latest-comments__comment-link\" href=\"https:\/\/bouwcentrumrotterdam.nl\/?p=102#comment-36\">Reacties<\/a><time datetime=\"2025-09-27T18:40:58+00:00\" class=\"wp-block-latest-comments__comment-date\">27-09-2025<\/time><\/footer><div class=\"wp-block-latest-comments__comment-excerpt\"><p>I attended the BIE course on Housing, Planning and Building in 1974. I have very fond memories of the place&hellip;<\/p>\n<\/div><\/article><\/li><li class=\"wp-block-latest-comments__comment\"><img alt='' src='https:\/\/secure.gravatar.com\/avatar\/95b6126a80f24ec0aaeafffc5b8c61c9df4f34f4fdd6d48d15a970540ddf429c?s=48&#038;d=mm&#038;r=g' srcset='https:\/\/secure.gravatar.com\/avatar\/95b6126a80f24ec0aaeafffc5b8c61c9df4f34f4fdd6d48d15a970540ddf429c?s=96&#038;d=mm&#038;r=g 2x' class='avatar avatar-48 photo wp-block-latest-comments__comment-avatar' height='48' width='48' \/><article><footer class=\"wp-block-latest-comments__comment-meta\"><span class=\"wp-block-latest-comments__comment-author\">Guus Dorresteijn<\/span> op <a class=\"wp-block-latest-comments__comment-link\" href=\"https:\/\/bouwcentrumrotterdam.nl\/?p=1#comment-19\">Wat weet jij van het Bouwcentrum?<\/a><time datetime=\"2025-03-12T09:23:51+00:00\" class=\"wp-block-latest-comments__comment-date\">12-03-2025<\/time><\/footer><div class=\"wp-block-latest-comments__comment-excerpt\"><p>L.S., Zijn de activiteiten van het bouwcentrum nog ergens voortgezet? Door wie of wat? Hoor het graag vanwege water in&hellip;<\/p>\n<\/div><\/article><\/li><li class=\"wp-block-latest-comments__comment\"><img alt='' src='https:\/\/secure.gravatar.com\/avatar\/56beebe25d9d96747111607fe607a4310256d0598cd19f5191ea14e39c8cbe16?s=48&#038;d=mm&#038;r=g' srcset='https:\/\/secure.gravatar.com\/avatar\/56beebe25d9d96747111607fe607a4310256d0598cd19f5191ea14e39c8cbe16?s=96&#038;d=mm&#038;r=g 2x' class='avatar avatar-48 photo wp-block-latest-comments__comment-avatar' height='48' width='48' \/><article><footer class=\"wp-block-latest-comments__comment-meta\"><a class=\"wp-block-latest-comments__comment-author\" href=\"https:\/\/www.janspitcsdelft.nl\">Jan Spit<\/a> op <a class=\"wp-block-latest-comments__comment-link\" href=\"https:\/\/bouwcentrumrotterdam.nl\/?p=102#comment-18\">Reacties<\/a><time datetime=\"2025-01-21T16:17:52+00:00\" class=\"wp-block-latest-comments__comment-date\">21-01-2025<\/time><\/footer><div class=\"wp-block-latest-comments__comment-excerpt\"><p>Heel hartelijk dank, ik hoor graag wanneer de film beschikbaar is. Jammer dat er niet meer over Krisno te vinden&hellip;<\/p>\n<\/div><\/article><\/li><li class=\"wp-block-latest-comments__comment\"><img alt='' src='https:\/\/secure.gravatar.com\/avatar\/2201805a613ee885230fe51e352e3aa269a443d4432eb187e48226f42424b4bd?s=48&#038;d=mm&#038;r=g' srcset='https:\/\/secure.gravatar.com\/avatar\/2201805a613ee885230fe51e352e3aa269a443d4432eb187e48226f42424b4bd?s=96&#038;d=mm&#038;r=g 2x' class='avatar avatar-48 photo wp-block-latest-comments__comment-avatar' height='48' width='48' \/><article><footer class=\"wp-block-latest-comments__comment-meta\"><a class=\"wp-block-latest-comments__comment-author\" href=\"http:\/\/Cr\u00f3nicas%20entre%20los%20\u00e1rboles%20Facebook\">Mtro. Alejandro Mondrag\u00f3n Hern\u00e1ndez<\/a> op <a class=\"wp-block-latest-comments__comment-link\" href=\"https:\/\/bouwcentrumrotterdam.nl\/?page_id=81#comment-17\">Contact<\/a><time datetime=\"2025-01-16T23:19:32+00:00\" class=\"wp-block-latest-comments__comment-date\">16-01-2025<\/time><\/footer><div class=\"wp-block-latest-comments__comment-excerpt\"><p>Good afternoon: The one signed by Mr. Alejandro Mondrag\u00f3n Hern\u00e1ndez, Municipal Chronicler of the Government of Cuautitl\u00e1n Izcalli, State of&hellip;<\/p>\n<\/div><\/article><\/li><li class=\"wp-block-latest-comments__comment\"><img alt='' src='https:\/\/secure.gravatar.com\/avatar\/3e3c24161f12eac7548b98dd5091928a24c0d077555b8440db416c93ce9abfc0?s=48&#038;d=mm&#038;r=g' srcset='https:\/\/secure.gravatar.com\/avatar\/3e3c24161f12eac7548b98dd5091928a24c0d077555b8440db416c93ce9abfc0?s=96&#038;d=mm&#038;r=g 2x' class='avatar avatar-48 photo wp-block-latest-comments__comment-avatar' height='48' width='48' \/><article><footer class=\"wp-block-latest-comments__comment-meta\"><a class=\"wp-block-latest-comments__comment-author\" href=\"https:\/\/bouwcentrumrotterdam.nl\/?author=1\">Jan<\/a> op <a class=\"wp-block-latest-comments__comment-link\" href=\"https:\/\/bouwcentrumrotterdam.nl\/?p=102#comment-16\">Reacties<\/a><time datetime=\"2025-01-08T13:27:34+00:00\" class=\"wp-block-latest-comments__comment-date\">08-01-2025<\/time><\/footer><div class=\"wp-block-latest-comments__comment-excerpt\"><p>Interessant stukje historie, dank hiervoor! Het ambitieniveau voor onze website oversteeg tot op heden niet het Nederlandse taalgebied, aangezien het&hellip;<\/p>\n<\/div><\/article><\/li><\/ol>","protected":false},"excerpt":{"rendered":"<p>Deze website kwam tot stand door bijdragen en onder redactie van oud-medewerkers van het Bouwcentrum: Geert Bos ( \u2020 2024 ) Saskia Jespers Hetty van der Hargh Corneel Korsman Joop van Es\u00a0 ( \u2020 2020 ) Geert Bos, opgetogen met enorme ontwerpschets van Boks, NAi 29-06-2018 De website wordt verzorgd door Jan Enzlin OM MISVERSTANDEN &hellip; <\/p>\n<p class=\"link-more\"><a href=\"https:\/\/bouwcentrumrotterdam.nl\/?page_id=81\" class=\"more-link\">Lees verder <span class=\"screen-reader-text\">&#8220;Contact&#8221;<\/span><\/a><\/p>\n","protected":false},"author":2,"featured_media":0,"parent":0,"menu_order":0,"comment_status":"open","ping_status":"closed","template":"","meta":{"footnotes":""},"class_list":["post-81","page","type-page","status-publish","hentry"],"_links":{"self":[{"href":"https:\/\/bouwcentrumrotterdam.nl\/index.php?rest_route=\/wp\/v2\/pages\/81","targetHints":{"allow":["GET"]}}],"collection":[{"href":"https:\/\/bouwcentrumrotterdam.nl\/index.php?rest_route=\/wp\/v2\/pages"}],"about":[{"href":"https:\/\/bouwcentrumrotterdam.nl\/index.php?rest_route=\/wp\/v2\/types\/page"}],"author":[{"embeddable":true,"href":"https:\/\/bouwcentrumrotterdam.nl\/index.php?rest_route=\/wp\/v2\/users\/2"}],"replies":[{"embeddable":true,"href":"https:\/\/bouwcentrumrotterdam.nl\/index.php?rest_route=%2Fwp%2Fv2%2Fcomments&post=81"}],"version-history":[{"count":65,"href":"https:\/\/bouwcentrumrotterdam.nl\/index.php?rest_route=\/wp\/v2\/pages\/81\/revisions"}],"predecessor-version":[{"id":3690,"href":"https:\/\/bouwcentrumrotterdam.nl\/index.php?rest_route=\/wp\/v2\/pages\/81\/revisions\/3690"}],"wp:attachment":[{"href":"https:\/\/bouwcentrumrotterdam.nl\/index.php?rest_route=%2Fwp%2Fv2%2Fmedia&parent=81"}],"curies":[{"name":"wp","href":"https:\/\/api.w.org\/{rel}","templated":true}]}}